{"id":13962,"date":"2025-08-08T16:01:59","date_gmt":"2025-08-08T14:01:59","guid":{"rendered":"https:\/\/www.smaltimento-rifiuti-sicilia.it\/?page_id=13962"},"modified":"2025-09-04T11:50:26","modified_gmt":"2025-09-04T09:50:26","slug":"lavora-con-noi-assistente-direzionale","status":"publish","type":"page","link":"https:\/\/www.smaltimento-rifiuti-sicilia.it\/it\/lavora-con-noi-assistente-direzionale\/","title":{"rendered":"Lavora con noi &#8211; ASSISTENTE DIREZIONALE"},"content":{"rendered":"\t\t<div data-elementor-type=\"wp-page\" data-elementor-id=\"13962\" class=\"elementor elementor-13962\" data-elementor-post-type=\"page\">\n\t\t\t\t\t\t<section class=\"elementor-section elementor-top-section elementor-element elementor-element-78d3e0fd elementor-section-full_width elementor-section-content-middle elementor-section-height-default elementor-section-height-default\" data-id=\"78d3e0fd\" data-element_type=\"section\">\n\t\t\t\t\t\t<div class=\"elementor-container elementor-column-gap-no\">\n\t\t\t\t\t<div class=\"elementor-column elementor-col-50 elementor-top-column elementor-element elementor-element-70c23f71\" data-id=\"70c23f71\" data-element_type=\"column\" data-settings=\"{&quot;background_background&quot;:&quot;classic&quot;}\">\n\t\t\t<div class=\"elementor-widget-wrap elementor-element-populated\">\n\t\t\t\t\t\t<div class=\"elementor-element elementor-element-57f5e07f elementor-widget elementor-widget-heading\" data-id=\"57f5e07f\" data-element_type=\"widget\" data-widget_type=\"heading.default\">\n\t\t\t\t<div class=\"elementor-widget-container\">\n\t\t\t\t\t<h1 class=\"elementor-heading-title elementor-size-default\">Il nostro obiettivo.<br> Il tuo lavoro.<\/h1>\t\t\t\t<\/div>\n\t\t\t\t<\/div>\n\t\t\t\t<div class=\"elementor-element elementor-element-6aad9132 elementor-widget elementor-widget-text-editor\" data-id=\"6aad9132\" data-element_type=\"widget\" data-widget_type=\"text-editor.default\">\n\t\t\t\t<div class=\"elementor-widget-container\">\n\t\t\t\t\t\t\t\t\t<p>IN QUESTO MOMENTO STIAMO SELEZIONANDO UN ASSISTENTE DIREZIONALE<\/p><p>Per la sede di Modica (Ragusa) cerchiamo un assistente direzionale da inserire nel nostro team. <br \/>\u00c8 richiesta la residenza a Modica (RG) o nelle localit\u00e0 limitrofe, con disponibilit\u00e0 immediata.<\/p>\t\t\t\t\t\t\t\t<\/div>\n\t\t\t\t<\/div>\n\t\t\t\t<div class=\"elementor-element elementor-element-187743b elementor-hidden-desktop elementor-hidden-tablet elementor-widget elementor-widget-button\" data-id=\"187743b\" data-element_type=\"widget\" data-widget_type=\"button.default\">\n\t\t\t\t<div class=\"elementor-widget-container\">\n\t\t\t\t\t\t\t\t\t<div class=\"elementor-button-wrapper\">\n\t\t\t\t\t<a class=\"elementor-button elementor-button-link elementor-size-sm\" href=\"#form\">\n\t\t\t\t\t\t<span class=\"elementor-button-content-wrapper\">\n\t\t\t\t\t\t\t\t\t<span class=\"elementor-button-text\">Candidati<\/span>\n\t\t\t\t\t<\/span>\n\t\t\t\t\t<\/a>\n\t\t\t\t<\/div>\n\t\t\t\t\t\t\t\t<\/div>\n\t\t\t\t<\/div>\n\t\t\t\t<section class=\"elementor-section elementor-inner-section elementor-element elementor-element-60fb3aee elementor-section-full_width elementor-section-content-middle elementor-section-height-default elementor-section-height-default\" data-id=\"60fb3aee\" data-element_type=\"section\" data-settings=\"{&quot;background_background&quot;:&quot;classic&quot;}\">\n\t\t\t\t\t\t<div class=\"elementor-container elementor-column-gap-no\">\n\t\t\t\t\t<div class=\"elementor-column elementor-col-100 elementor-inner-column elementor-element elementor-element-3b0cc8fb\" data-id=\"3b0cc8fb\" data-element_type=\"column\" data-settings=\"{&quot;background_background&quot;:&quot;classic&quot;}\">\n\t\t\t<div class=\"elementor-widget-wrap elementor-element-populated\">\n\t\t\t\t\t\t<div class=\"elementor-element elementor-element-168c5a2c elementor-widget elementor-widget-text-editor\" data-id=\"168c5a2c\" data-element_type=\"widget\" data-widget_type=\"text-editor.default\">\n\t\t\t\t<div class=\"elementor-widget-container\">\n\t\t\t\t\t\t\t\t\t<p><b>La figura da selezionare dovr\u00e0 occuparsi di:<\/b><\/p><ul><li aria-level=\"1\">Gestire l\u2019agenda e le comunicazioni, pianificando appuntamenti, riunioni, spostamenti e gestendo posta elettronica e telefonate<\/li><li aria-level=\"1\">Preparare documenti, presentazioni, verbali\u00a0<\/li><li aria-level=\"1\">Gestire progetti e team<\/li><li aria-level=\"1\">Condurre i rapporti con clienti, fornitori e altri stakeholder interni ed esterni<\/li><li aria-level=\"1\">Gestire la documentazione amministrativa<\/li><li aria-level=\"1\">Assicurare la corretta comunicazione e collaborazione tra i diversi reparti interni e con realt\u00e0 esterne<br \/><br \/><\/li><\/ul><p><b>Il candidato ideale possiede i seguenti requisiti:<\/b><\/p><ul><li aria-level=\"1\">Diploma superiore o Diploma di laurea ed esperienza specifica nel campo dell\u2019assistenza direzionale<\/li><li aria-level=\"1\">Capacit\u00e0 di organizzazione e pianificazione<\/li><li aria-level=\"1\">Capacit\u00e0 organizzative e rispetto dei tempi assegnati<\/li><li aria-level=\"1\">Proattivit\u00e0 nella risoluzione delle sfide lavorative<\/li><li aria-level=\"1\">Capacit\u00e0 interpersonali e di comunicazione efficace<\/li><li aria-level=\"1\">Ottima dizione, padronanza della lingua italiana e capacit\u00e0 comunicative ed espressive (scritte e orali)<\/li><li aria-level=\"1\">Forte senso di responsabilit\u00e0<\/li><\/ul><p><b>Gradita esperienza pregressa in ruoli simili. <br \/>Si offre inizialmente contratto a tempo determinato, per la successiva trasformazione a tempo indeterminato. <br \/>Orario di lavoro Full-Time in sede.<\/b><\/p><p><b>Cosa troverai in Ecodep:<\/b><\/p><ul><li aria-level=\"1\"><b>Un ambiente di lavoro stimolante e collaborativo<\/b><b><br \/><\/b>Crediamo nella forza del lavoro di squadra e nella crescita personale e professionale dei nostri dipendenti.<\/li><li aria-level=\"1\"><b>Stabilit\u00e0 e affidabilit\u00e0<\/b><b><br \/><\/b>Con oltre tre decenni di esperienza, Ecodep \u00e8 un partner solido nel settore della gestione dei rifiuti.<\/li><li aria-level=\"1\"><b>Sostenibilit\u00e0 e Innovazione<\/b><b><br \/><\/b>Siamo impegnati nella tutela dell&#8217;ambiente e nell&#8217;adozione di pratiche sostenibili che fanno davvero la differenza.<\/li><li aria-level=\"1\"><b>Esperienza e know-how<br \/><\/b>Avrai l&#8217;opportunit\u00e0 di lavorare con esperti del settore che conoscono profondamente il territorio e le esigenze delle aziende.<\/li><\/ul><p><br \/><br \/><\/p>\t\t\t\t\t\t\t\t<\/div>\n\t\t\t\t<\/div>\n\t\t\t\t<div class=\"elementor-element elementor-element-4344857 elementor-widget elementor-widget-button\" data-id=\"4344857\" data-element_type=\"widget\" data-widget_type=\"button.default\">\n\t\t\t\t<div class=\"elementor-widget-container\">\n\t\t\t\t\t\t\t\t\t<div class=\"elementor-button-wrapper\">\n\t\t\t\t\t<a class=\"elementor-button elementor-button-link elementor-size-sm\" href=\"#form\">\n\t\t\t\t\t\t<span class=\"elementor-button-content-wrapper\">\n\t\t\t\t\t\t\t\t\t<span class=\"elementor-button-text\">Candidati<\/span>\n\t\t\t\t\t<\/span>\n\t\t\t\t\t<\/a>\n\t\t\t\t<\/div>\n\t\t\t\t\t\t\t\t<\/div>\n\t\t\t\t<\/div>\n\t\t\t\t\t<\/div>\n\t\t<\/div>\n\t\t\t\t\t<\/div>\n\t\t<\/section>\n\t\t\t\t\t<\/div>\n\t\t<\/div>\n\t\t\t\t<div class=\"elementor-column elementor-col-50 elementor-top-column elementor-element elementor-element-2d5940fa\" data-id=\"2d5940fa\" data-element_type=\"column\">\n\t\t\t<div class=\"elementor-widget-wrap elementor-element-populated\">\n\t\t\t\t\t\t<section class=\"elementor-section elementor-inner-section elementor-element elementor-element-20064123 elementor-section-full_width elementor-section-content-middle elementor-section-height-default elementor-section-height-default\" data-id=\"20064123\" data-element_type=\"section\" data-settings=\"{&quot;background_background&quot;:&quot;classic&quot;}\">\n\t\t\t\t\t\t\t<div class=\"elementor-background-overlay\"><\/div>\n\t\t\t\t\t\t\t<div class=\"elementor-container elementor-column-gap-no\">\n\t\t\t\t\t<div class=\"elementor-column elementor-col-100 elementor-inner-column elementor-element elementor-element-2e3b8c26\" data-id=\"2e3b8c26\" data-element_type=\"column\" data-settings=\"{&quot;background_background&quot;:&quot;classic&quot;}\">\n\t\t\t<div class=\"elementor-widget-wrap elementor-element-populated\">\n\t\t\t\t\t\t<div class=\"elementor-element elementor-element-b809c6c elementor-widget elementor-widget-text-editor\" data-id=\"b809c6c\" data-element_type=\"widget\" data-widget_type=\"text-editor.default\">\n\t\t\t\t<div class=\"elementor-widget-container\">\n\t\t\t\t\t\t\t\t\t<h4>Candidati per il ruolo di assistenza direzionale<\/h4>\t\t\t\t\t\t\t\t<\/div>\n\t\t\t\t<\/div>\n\t\t\t\t<div class=\"elementor-element elementor-element-685cb7c elementor-button-align-start elementor-widget elementor-widget-form\" data-id=\"685cb7c\" data-element_type=\"widget\" id=\"form\" data-settings=\"{&quot;step_next_label&quot;:&quot;Successivo&quot;,&quot;step_previous_label&quot;:&quot;Precedente&quot;,&quot;button_width&quot;:&quot;100&quot;,&quot;step_type&quot;:&quot;number_text&quot;,&quot;step_icon_shape&quot;:&quot;circle&quot;}\" data-widget_type=\"form.default\">\n\t\t\t\t<div class=\"elementor-widget-container\">\n\t\t\t\t\t\t\t<form class=\"elementor-form\" method=\"post\" id=\"CVassistenzaDirenzionale\" name=\"Lavora con noi - assistenza direzionale\">\n\t\t\t<input type=\"hidden\" name=\"post_id\" value=\"13962\"\/>\n\t\t\t<input type=\"hidden\" name=\"form_id\" value=\"685cb7c\"\/>\n\t\t\t<input type=\"hidden\" name=\"referer_title\" value=\"Ecodep\" \/>\n\n\t\t\t\n\t\t\t<div class=\"elementor-form-fields-wrapper elementor-labels-above\">\n\t\t\t\t\t\t\t\t<div class=\"elementor-field-type-text elementor-field-group elementor-column elementor-field-group-Nome elementor-col-50 elementor-field-required elementor-mark-required\">\n\t\t\t\t\t\t\t\t\t\t\t\t<label for=\"form-field-Nome\" class=\"elementor-field-label\">\n\t\t\t\t\t\t\t\tNome\t\t\t\t\t\t\t<\/label>\n\t\t\t\t\t\t\t\t\t\t\t\t\t\t<input size=\"1\" type=\"text\" name=\"form_fields[Nome]\" id=\"form-field-Nome\" class=\"elementor-field elementor-size-sm  elementor-field-textual\" required=\"required\">\n\t\t\t\t\t\t\t\t\t\t\t<\/div>\n\t\t\t\t\t\t\t\t<div class=\"elementor-field-type-text elementor-field-group elementor-column elementor-field-group-Cognome elementor-col-50 elementor-field-required elementor-mark-required\">\n\t\t\t\t\t\t\t\t\t\t\t\t<label for=\"form-field-Cognome\" class=\"elementor-field-label\">\n\t\t\t\t\t\t\t\tCognome\t\t\t\t\t\t\t<\/label>\n\t\t\t\t\t\t\t\t\t\t\t\t\t\t<input size=\"1\" type=\"text\" name=\"form_fields[Cognome]\" id=\"form-field-Cognome\" class=\"elementor-field elementor-size-sm  elementor-field-textual\" required=\"required\">\n\t\t\t\t\t\t\t\t\t\t\t<\/div>\n\t\t\t\t\t\t\t\t<div class=\"elementor-field-type-email elementor-field-group elementor-column elementor-field-group-Email elementor-col-50 elementor-field-required elementor-mark-required\">\n\t\t\t\t\t\t\t\t\t\t\t\t<label for=\"form-field-Email\" class=\"elementor-field-label\">\n\t\t\t\t\t\t\t\tEmail\t\t\t\t\t\t\t<\/label>\n\t\t\t\t\t\t\t\t\t\t\t\t\t\t<input size=\"1\" type=\"email\" name=\"form_fields[Email]\" id=\"form-field-Email\" class=\"elementor-field elementor-size-sm  elementor-field-textual\" required=\"required\">\n\t\t\t\t\t\t\t\t\t\t\t<\/div>\n\t\t\t\t\t\t\t\t<div class=\"elementor-field-type-tel elementor-field-group elementor-column elementor-field-group-Telefono elementor-col-50 elementor-field-required elementor-mark-required\">\n\t\t\t\t\t\t\t\t\t\t\t\t<label for=\"form-field-Telefono\" class=\"elementor-field-label\">\n\t\t\t\t\t\t\t\tTelefono\t\t\t\t\t\t\t<\/label>\n\t\t\t\t\t\t\t\t<input size=\"1\" type=\"tel\" name=\"form_fields[Telefono]\" id=\"form-field-Telefono\" class=\"elementor-field elementor-size-sm  elementor-field-textual\" required=\"required\" pattern=\"[0-9()#&amp;+*-=.]+\" title=\"Sono accettati solo numeri e caratteri telefonici (#, -, *, ecc.).\">\n\n\t\t\t\t\t\t<\/div>\n\t\t\t\t\t\t\t\t<div class=\"elementor-field-type-text elementor-field-group elementor-column elementor-field-group-Citta elementor-col-100 elementor-field-required elementor-mark-required\">\n\t\t\t\t\t\t\t\t\t\t\t\t<label for=\"form-field-Citta\" class=\"elementor-field-label\">\n\t\t\t\t\t\t\t\tCitt\u00e0\t\t\t\t\t\t\t<\/label>\n\t\t\t\t\t\t\t\t\t\t\t\t\t\t<input size=\"1\" type=\"text\" name=\"form_fields[Citta]\" id=\"form-field-Citta\" class=\"elementor-field elementor-size-sm  elementor-field-textual\" required=\"required\">\n\t\t\t\t\t\t\t\t\t\t\t<\/div>\n\t\t\t\t\t\t\t\t<div class=\"elementor-field-type-upload elementor-field-group elementor-column elementor-field-group-CV elementor-col-100 elementor-field-required elementor-mark-required\">\n\t\t\t\t\t\t\t\t\t\t\t\t<label for=\"form-field-CV\" class=\"elementor-field-label\">\n\t\t\t\t\t\t\t\tAllega il curriculum\t\t\t\t\t\t\t<\/label>\n\t\t\t\t\t\t\t\t<input type=\"file\" name=\"form_fields[CV][]\" id=\"form-field-CV\" class=\"elementor-field elementor-size-sm  elementor-upload-field\" required=\"required\" multiple=\"multiple\" data-maxsize=\"5\" data-maxsize-message=\"Questo file supera la dimensione massima consentita.\">\n\n\t\t\t\t\t\t<\/div>\n\t\t\t\t\t\t\t\t<div class=\"elementor-field-type-textarea elementor-field-group elementor-column elementor-field-group-Presentati elementor-col-100\">\n\t\t\t\t\t\t\t\t\t\t\t\t<label for=\"form-field-Presentati\" class=\"elementor-field-label\">\n\t\t\t\t\t\t\t\tPresentati\t\t\t\t\t\t\t<\/label>\n\t\t\t\t\t\t<textarea class=\"elementor-field-textual elementor-field  elementor-size-sm\" name=\"form_fields[Presentati]\" id=\"form-field-Presentati\" rows=\"3\"><\/textarea>\t\t\t\t<\/div>\n\t\t\t\t\t\t\t\t<div class=\"elementor-field-type-acceptance elementor-field-group elementor-column elementor-field-group-Accettazione elementor-col-100 elementor-field-required elementor-mark-required\">\n\t\t\t\t\t\t\t<div class=\"elementor-field-subgroup\">\n\t\t\t<span class=\"elementor-field-option\">\n\t\t\t\t<input type=\"checkbox\" name=\"form_fields[Accettazione]\" id=\"form-field-Accettazione\" class=\"elementor-field elementor-size-sm  elementor-acceptance-field\" required=\"required\">\n\t\t\t\t<label for=\"form-field-Accettazione\">Autorizzo il trattamento dei miei dati secondo il Regolamento Europeo del 27 aprile 2016 n. 2016\/679\/UE<\/label>\t\t\t<\/span>\n\t\t<\/div>\n\t\t\t\t\t\t<\/div>\n\t\t\t\t\t\t\t\t<div class=\"elementor-field-group elementor-column elementor-field-type-submit elementor-col-100 e-form__buttons\">\n\t\t\t\t\t<button class=\"elementor-button elementor-size-sm\" type=\"submit\">\n\t\t\t\t\t\t<span class=\"elementor-button-content-wrapper\">\n\t\t\t\t\t\t\t\t\t\t\t\t\t\t\t\t\t\t\t\t\t\t<span class=\"elementor-button-text\">Invia la tua candidatura<\/span>\n\t\t\t\t\t\t\t\t\t\t\t\t\t<\/span>\n\t\t\t\t\t<\/button>\n\t\t\t\t<\/div>\n\t\t\t<\/div>\n\t\t<\/form>\n\t\t\t\t\t\t<\/div>\n\t\t\t\t<\/div>\n\t\t\t\t\t<\/div>\n\t\t<\/div>\n\t\t\t\t\t<\/div>\n\t\t<\/section>\n\t\t\t\t\t<\/div>\n\t\t<\/div>\n\t\t\t\t\t<\/div>\n\t\t<\/section>\n\t\t\t\t<\/div>\n\t\t","protected":false},"excerpt":{"rendered":"<p>Il nostro obiettivo. Il tuo lavoro. IN QUESTO MOMENTO STIAMO SELEZIONANDO UN ASSISTENTE DIREZIONALE Per la sede di Modica (Ragusa) cerchiamo un assistente direzionale da inserire nel nostro team. \u00c8 richiesta la residenza a Modica (RG) o nelle localit\u00e0 limitrofe, con disponibilit\u00e0 immediata. Candidati La figura da selezionare dovr\u00e0 occuparsi di: Gestire l\u2019agenda e le [&hellip;]<\/p>\n","protected":false},"author":1,"featured_media":0,"parent":0,"menu_order":0,"comment_status":"closed","ping_status":"closed","template":"","meta":{"footnotes":""},"class_list":["post-13962","page","type-page","status-publish","hentry"],"yoast_head":"<!-- This site is optimized with the Yoast SEO plugin v25.9 - https:\/\/yoast.com\/wordpress\/plugins\/seo\/ -->\n<title>Il nostro obiettivo. Cerchiamo un assistenza direzionale<\/title>\n<meta name=\"description\" content=\"Ecodep cerca un Assistente Direzionale a Modica (RG). Ambiente stimolante, crescita professionale e contratto full-time. Candidati ora!\" \/>\n<meta name=\"robots\" content=\"index, follow, max-snippet:-1, max-image-preview:large, max-video-preview:-1\" \/>\n<link rel=\"canonical\" href=\"https:\/\/www.smaltimento-rifiuti-sicilia.it\/it\/lavora-con-noi-assistente-direzionale\/\" \/>\n<meta property=\"og:locale\" content=\"it_IT\" \/>\n<meta property=\"og:type\" content=\"article\" \/>\n<meta property=\"og:title\" content=\"Il nostro obiettivo. Cerchiamo un assistenza direzionale\" \/>\n<meta property=\"og:description\" content=\"Ecodep cerca un Assistente Direzionale a Modica (RG). Ambiente stimolante, crescita professionale e contratto full-time. Candidati ora!\" \/>\n<meta property=\"og:url\" content=\"https:\/\/www.smaltimento-rifiuti-sicilia.it\/it\/lavora-con-noi-assistente-direzionale\/\" \/>\n<meta property=\"og:site_name\" content=\"Ecodep\" \/>\n<meta property=\"article:modified_time\" content=\"2025-09-04T09:50:26+00:00\" \/>\n<meta property=\"og:image\" content=\"https:\/\/www.smaltimento-rifiuti-sicilia.it\/wp-content\/uploads\/2021\/12\/share-immagine-anteprima-ecodep-2.jpg\" \/>\n\t<meta property=\"og:image:width\" content=\"800\" \/>\n\t<meta property=\"og:image:height\" content=\"600\" \/>\n\t<meta property=\"og:image:type\" content=\"image\/jpeg\" \/>\n<meta name=\"twitter:card\" content=\"summary_large_image\" \/>\n<meta name=\"twitter:label1\" content=\"Tempo di lettura stimato\" \/>\n\t<meta name=\"twitter:data1\" content=\"2 minuti\" \/>\n<script type=\"application\/ld+json\" class=\"yoast-schema-graph\">{\"@context\":\"https:\/\/schema.org\",\"@graph\":[{\"@type\":\"WebPage\",\"@id\":\"https:\/\/www.smaltimento-rifiuti-sicilia.it\/it\/lavora-con-noi-assistente-direzionale\/\",\"url\":\"https:\/\/www.smaltimento-rifiuti-sicilia.it\/it\/lavora-con-noi-assistente-direzionale\/\",\"name\":\"Il nostro obiettivo. Cerchiamo un assistenza direzionale\",\"isPartOf\":{\"@id\":\"https:\/\/www.smaltimento-rifiuti-sicilia.it\/it\/#website\"},\"datePublished\":\"2025-08-08T14:01:59+00:00\",\"dateModified\":\"2025-09-04T09:50:26+00:00\",\"description\":\"Ecodep cerca un Assistente Direzionale a Modica (RG). Ambiente stimolante, crescita professionale e contratto full-time. Candidati ora!\",\"breadcrumb\":{\"@id\":\"https:\/\/www.smaltimento-rifiuti-sicilia.it\/it\/lavora-con-noi-assistente-direzionale\/#breadcrumb\"},\"inLanguage\":\"it-IT\",\"potentialAction\":[{\"@type\":\"ReadAction\",\"target\":[\"https:\/\/www.smaltimento-rifiuti-sicilia.it\/it\/lavora-con-noi-assistente-direzionale\/\"]}]},{\"@type\":\"BreadcrumbList\",\"@id\":\"https:\/\/www.smaltimento-rifiuti-sicilia.it\/it\/lavora-con-noi-assistente-direzionale\/#breadcrumb\",\"itemListElement\":[{\"@type\":\"ListItem\",\"position\":1,\"name\":\"Home\",\"item\":\"https:\/\/www.smaltimento-rifiuti-sicilia.it\/it\/\"},{\"@type\":\"ListItem\",\"position\":2,\"name\":\"Lavora con noi &#8211; ASSISTENTE DIREZIONALE\"}]},{\"@type\":\"WebSite\",\"@id\":\"https:\/\/www.smaltimento-rifiuti-sicilia.it\/it\/#website\",\"url\":\"https:\/\/www.smaltimento-rifiuti-sicilia.it\/it\/\",\"name\":\"Ecodep\",\"description\":\"Smaltimento rifiuti Sicilia\",\"publisher\":{\"@id\":\"https:\/\/www.smaltimento-rifiuti-sicilia.it\/it\/#organization\"},\"potentialAction\":[{\"@type\":\"SearchAction\",\"target\":{\"@type\":\"EntryPoint\",\"urlTemplate\":\"https:\/\/www.smaltimento-rifiuti-sicilia.it\/it\/?s={search_term_string}\"},\"query-input\":{\"@type\":\"PropertyValueSpecification\",\"valueRequired\":true,\"valueName\":\"search_term_string\"}}],\"inLanguage\":\"it-IT\"},{\"@type\":\"Organization\",\"@id\":\"https:\/\/www.smaltimento-rifiuti-sicilia.it\/it\/#organization\",\"name\":\"Ecodep\",\"url\":\"https:\/\/www.smaltimento-rifiuti-sicilia.it\/it\/\",\"logo\":{\"@type\":\"ImageObject\",\"inLanguage\":\"it-IT\",\"@id\":\"https:\/\/www.smaltimento-rifiuti-sicilia.it\/it\/#\/schema\/logo\/image\/\",\"url\":\"https:\/\/www.smaltimento-rifiuti-sicilia.it\/wp-content\/uploads\/2021\/04\/ecodep-30.jpg\",\"contentUrl\":\"https:\/\/www.smaltimento-rifiuti-sicilia.it\/wp-content\/uploads\/2021\/04\/ecodep-30.jpg\",\"width\":400,\"height\":81,\"caption\":\"Ecodep\"},\"image\":{\"@id\":\"https:\/\/www.smaltimento-rifiuti-sicilia.it\/it\/#\/schema\/logo\/image\/\"}}]}<\/script>\n<!-- \/ Yoast SEO plugin. -->","yoast_head_json":{"title":"Il nostro obiettivo. Cerchiamo un assistenza direzionale","description":"Ecodep cerca un Assistente Direzionale a Modica (RG). Ambiente stimolante, crescita professionale e contratto full-time. Candidati ora!","robots":{"index":"index","follow":"follow","max-snippet":"max-snippet:-1","max-image-preview":"max-image-preview:large","max-video-preview":"max-video-preview:-1"},"canonical":"https:\/\/www.smaltimento-rifiuti-sicilia.it\/it\/lavora-con-noi-assistente-direzionale\/","og_locale":"it_IT","og_type":"article","og_title":"Il nostro obiettivo. Cerchiamo un assistenza direzionale","og_description":"Ecodep cerca un Assistente Direzionale a Modica (RG). Ambiente stimolante, crescita professionale e contratto full-time. Candidati ora!","og_url":"https:\/\/www.smaltimento-rifiuti-sicilia.it\/it\/lavora-con-noi-assistente-direzionale\/","og_site_name":"Ecodep","article_modified_time":"2025-09-04T09:50:26+00:00","og_image":[{"width":800,"height":600,"url":"https:\/\/www.smaltimento-rifiuti-sicilia.it\/wp-content\/uploads\/2021\/12\/share-immagine-anteprima-ecodep-2.jpg","type":"image\/jpeg"}],"twitter_card":"summary_large_image","twitter_misc":{"Tempo di lettura stimato":"2 minuti"},"schema":{"@context":"https:\/\/schema.org","@graph":[{"@type":"WebPage","@id":"https:\/\/www.smaltimento-rifiuti-sicilia.it\/it\/lavora-con-noi-assistente-direzionale\/","url":"https:\/\/www.smaltimento-rifiuti-sicilia.it\/it\/lavora-con-noi-assistente-direzionale\/","name":"Il nostro obiettivo. Cerchiamo un assistenza direzionale","isPartOf":{"@id":"https:\/\/www.smaltimento-rifiuti-sicilia.it\/it\/#website"},"datePublished":"2025-08-08T14:01:59+00:00","dateModified":"2025-09-04T09:50:26+00:00","description":"Ecodep cerca un Assistente Direzionale a Modica (RG). Ambiente stimolante, crescita professionale e contratto full-time. Candidati ora!","breadcrumb":{"@id":"https:\/\/www.smaltimento-rifiuti-sicilia.it\/it\/lavora-con-noi-assistente-direzionale\/#breadcrumb"},"inLanguage":"it-IT","potentialAction":[{"@type":"ReadAction","target":["https:\/\/www.smaltimento-rifiuti-sicilia.it\/it\/lavora-con-noi-assistente-direzionale\/"]}]},{"@type":"BreadcrumbList","@id":"https:\/\/www.smaltimento-rifiuti-sicilia.it\/it\/lavora-con-noi-assistente-direzionale\/#breadcrumb","itemListElement":[{"@type":"ListItem","position":1,"name":"Home","item":"https:\/\/www.smaltimento-rifiuti-sicilia.it\/it\/"},{"@type":"ListItem","position":2,"name":"Lavora con noi &#8211; ASSISTENTE DIREZIONALE"}]},{"@type":"WebSite","@id":"https:\/\/www.smaltimento-rifiuti-sicilia.it\/it\/#website","url":"https:\/\/www.smaltimento-rifiuti-sicilia.it\/it\/","name":"Ecodep","description":"Smaltimento rifiuti Sicilia","publisher":{"@id":"https:\/\/www.smaltimento-rifiuti-sicilia.it\/it\/#organization"},"potentialAction":[{"@type":"SearchAction","target":{"@type":"EntryPoint","urlTemplate":"https:\/\/www.smaltimento-rifiuti-sicilia.it\/it\/?s={search_term_string}"},"query-input":{"@type":"PropertyValueSpecification","valueRequired":true,"valueName":"search_term_string"}}],"inLanguage":"it-IT"},{"@type":"Organization","@id":"https:\/\/www.smaltimento-rifiuti-sicilia.it\/it\/#organization","name":"Ecodep","url":"https:\/\/www.smaltimento-rifiuti-sicilia.it\/it\/","logo":{"@type":"ImageObject","inLanguage":"it-IT","@id":"https:\/\/www.smaltimento-rifiuti-sicilia.it\/it\/#\/schema\/logo\/image\/","url":"https:\/\/www.smaltimento-rifiuti-sicilia.it\/wp-content\/uploads\/2021\/04\/ecodep-30.jpg","contentUrl":"https:\/\/www.smaltimento-rifiuti-sicilia.it\/wp-content\/uploads\/2021\/04\/ecodep-30.jpg","width":400,"height":81,"caption":"Ecodep"},"image":{"@id":"https:\/\/www.smaltimento-rifiuti-sicilia.it\/it\/#\/schema\/logo\/image\/"}}]}},"_links":{"self":[{"href":"https:\/\/www.smaltimento-rifiuti-sicilia.it\/it\/wp-json\/wp\/v2\/pages\/13962","targetHints":{"allow":["GET"]}}],"collection":[{"href":"https:\/\/www.smaltimento-rifiuti-sicilia.it\/it\/wp-json\/wp\/v2\/pages"}],"about":[{"href":"https:\/\/www.smaltimento-rifiuti-sicilia.it\/it\/wp-json\/wp\/v2\/types\/page"}],"author":[{"embeddable":true,"href":"https:\/\/www.smaltimento-rifiuti-sicilia.it\/it\/wp-json\/wp\/v2\/users\/1"}],"replies":[{"embeddable":true,"href":"https:\/\/www.smaltimento-rifiuti-sicilia.it\/it\/wp-json\/wp\/v2\/comments?post=13962"}],"version-history":[{"count":13,"href":"https:\/\/www.smaltimento-rifiuti-sicilia.it\/it\/wp-json\/wp\/v2\/pages\/13962\/revisions"}],"predecessor-version":[{"id":14004,"href":"https:\/\/www.smaltimento-rifiuti-sicilia.it\/it\/wp-json\/wp\/v2\/pages\/13962\/revisions\/14004"}],"wp:attachment":[{"href":"https:\/\/www.smaltimento-rifiuti-sicilia.it\/it\/wp-json\/wp\/v2\/media?parent=13962"}],"curies":[{"name":"wp","href":"https:\/\/api.w.org\/{rel}","templated":true}]}}