{"id":2019,"date":"2021-12-17T11:23:42","date_gmt":"2021-12-17T10:23:42","guid":{"rendered":"https:\/\/www.smaltimento-rifiuti-sicilia.it\/?page_id=2019"},"modified":"2025-03-21T14:22:15","modified_gmt":"2025-03-21T13:22:15","slug":"privacy-policy","status":"publish","type":"page","link":"https:\/\/www.smaltimento-rifiuti-sicilia.it\/it\/privacy-policy\/","title":{"rendered":"Privacy Policy"},"content":{"rendered":"\t\t<div data-elementor-type=\"wp-page\" data-elementor-id=\"2019\" class=\"elementor elementor-2019\" data-elementor-post-type=\"page\">\n\t\t\t\t\t\t<section class=\"elementor-section elementor-top-section elementor-element elementor-element-67e2667 elementor-section-boxed elementor-section-height-default elementor-section-height-default\" data-id=\"67e2667\" data-element_type=\"section\">\n\t\t\t\t\t\t<div class=\"elementor-container elementor-column-gap-default\">\n\t\t\t\t\t<div class=\"elementor-column elementor-col-100 elementor-top-column elementor-element elementor-element-e1c0965\" data-id=\"e1c0965\" data-element_type=\"column\">\n\t\t\t<div class=\"elementor-widget-wrap elementor-element-populated\">\n\t\t\t\t\t\t<div class=\"elementor-element elementor-element-15dfb23 elementor-widget elementor-widget-heading\" data-id=\"15dfb23\" data-element_type=\"widget\" data-widget_type=\"heading.default\">\n\t\t\t\t<div class=\"elementor-widget-container\">\n\t\t\t\t\t<h1 class=\"elementor-heading-title elementor-size-default\">Informativa privacy\n<\/h1>\t\t\t\t<\/div>\n\t\t\t\t<\/div>\n\t\t\t\t<div class=\"elementor-element elementor-element-3b90d01 elementor-widget elementor-widget-text-editor\" data-id=\"3b90d01\" data-element_type=\"widget\" data-widget_type=\"text-editor.default\">\n\t\t\t\t<div class=\"elementor-widget-container\">\n\t\t\t\t\t\t\t\t\t<p>Ecodep S.r.l., con sede legale in Viale dello Sviluppo, 11, 97015, Modica (RG), di seguito \u201cEcodep\u201d, si impegna costantemente per tutelare la privacy online dei suoi utenti. Questo documento \u00e8 stato redatto ai sensi dell\u2019art. 13 del Regolamento (UE) 2016\/679, di seguito \u201cRegolamento\u201d, al fine di permetterle di conoscere la nostra politica sulla privacy, con specifico riferimento a come le informazioni personali vengono gestite quando utilizza il sito www.smaltimento-rifiuti-sicilia.it, di seguito il \u201csito\u201d, e, se del caso, di prestare un consenso al trattamento dei suoi dati personali espresso e consapevole. Le informazioni e i dati da lei forniti o altrimenti acquisiti nell\u2019ambito dell\u2019utilizzo del sito saranno oggetto di trattamento nel rispetto delle disposizioni del Regolamento e degli obblighi di riservatezza che ispirano l\u2019attivit\u00e0 di Ecodep. Secondo le norme del Regolamento, i trattamenti effettuati da Ecodep saranno improntati ai principi di liceit\u00e0, correttezza, trasparenza, limitazione delle finalit\u00e0 e della conservazione, minimizzazione dei dati, esattezza, integrit\u00e0 e riservatezza.<\/p><p>\u00a0<\/p><p><strong>a) Titolare del trattamento<\/strong><\/p><p>Il titolare del trattamento dei dati personali svolto attraverso il sito \u00e8 Ecodep S.r.l., con sede legale in Viale dello Sviluppo, 11, 97015, Modica (RG). Qualunque informazione in merito al trattamento, ivi incluso l\u2019elenco degli eventuali responsabili del trattamento individuati ai sensi dell\u2019art. 28 del Regolamento, potr\u00e0 essere inviata a mezzo posta ordinaria al recapito sopra indicato, ovvero tramite messaggio di posta elettronica all\u2019indirizzo <a href=\"mailto:info@ecodep.it\">info@ecodep.it<\/a>.<\/p><p><strong>b) Finalit\u00e0 del trattamento<\/strong><\/p><p>Attraverso i moduli di contatto presenti sul sito, l\u2019interessato potr\u00e0 inoltrare ad Ecodep richieste specifiche, quali:<\/p><ol><li>la presa visione di copia delle autorizzazioni di cui l\u2019azienda dispone per la gestione degli impianti di smaltimento, stoccaggio e recupero dei rifiuti e per le attivit\u00e0 di trasporto dei medesimi;<\/li><li>la richiesta di informazioni relative al servizio di raccolta e trasporto di rifiuti ingombranti;<\/li><li>la richiesta di altre informazioni in merito alle attivit\u00e0 dell\u2019azienda;<\/li><li>la richiesta di preventivi relativi ad uno o pi\u00f9 servizi offerti.<\/li><\/ol><p>I dati personali inviati dall\u2019interessato, quali nome, cognome, telefono, indirizzo mail o altre informazioni volontariamente digitate o contenute negli allegati inoltrati, sono pertanto necessari ad Ecodep ai fini dell\u2019evasione della specifica richiesta per la quale il modulo \u00e8 stato compilato. In aggiunta a ci\u00f2, Ecodep potr\u00e0 utilizzare l\u2019indirizzo di posta elettronica fornita dall\u2019interessato per l\u2019invio di comunicazioni relative all\u2019attivit\u00e0 svolta, aggiornamenti normativi o altro materiale informativo. In ogni caso, la base giuridica del trattamento \u00e8 da rintracciarsi nella lettera a) dell\u2019art. 6, comma 1, del regolamento. I dati personali verranno, infatti, trattati soltanto in caso di consenso espresso fornito dall\u2019interessato ad una o pi\u00f9 specifiche finalit\u00e0 attraverso apposizione di spunta sulle relative caselle.<\/p><p><strong>c) Destinatari dei dati personali<\/strong><\/p><p>I dati personali forniti dall\u2019interessato potranno essere condivisi con:<\/p><ol><li>soggetti con i quali sia necessario interagire per l\u2019erogazione dei servizi forniti dal sito, quali, ad esempio,\u00a0<em>hosting provider<\/em>;<\/li><li>soggetti delegati a svolgere attivit\u00e0 di manutenzione tecnica sul sito e\/o sulle infrastrutture hardware che lo ospitano, inclusa la manutenzione degli apparati di rete e delle reti di comunicazione elettronica;<\/li><li>soggetti, enti o autorit\u00e0 a cui sia obbligatorio comunicare i dati personali forniti dall\u2019interessato in forza di disposizioni di legge o di ordini delle autorit\u00e0;<\/li><li>dipendenti o altre persone autorizzate da Ecodep al trattamento dei dati personali per le finalit\u00e0 di cui alla superiore lettera b), che si siano impegnate alla riservatezza o abbiano un adeguato obbligo legale di riservatezza.<\/li><\/ol><p><strong>d) Conservazione dei dati<\/strong><\/p><p>I dati personali saranno conservati per il tempo strettamente necessario al raggiungimento delle finalit\u00e0 di cui alla superiore lettera b). In ogni caso, trattandosi di trattamenti svolti per la fornitura di servizi e\/o informazioni attraverso il sito, Ecodep tratter\u00e0 i dati personali a tutela dei propri interessi fino al tempo permesso dalla legislazione vigente.<\/p><p><strong>e) Diritti degli interessati<\/strong><\/p><p>Ai sensi degli articoli 15 e seguenti del Regolamento, l\u2019interessato ha il diritto di chiedere a Ecodep, in qualunque momento, l\u2019accesso ai propri dati personali, la rettifica o la cancellazione degli stessi o di opporsi al loro trattamento, di richiedere la limitazione del trattamento nei casi previsti dall\u2019art. 18 del Regolamento, nonch\u00e9 di ottenere in un formato strutturato, di uso comune e leggibile da dispositivo automatico i dati che lo riguardano, nei casi previsti dall\u2019art. 20 del Regolamento.<\/p><p>Le richieste vanno inoltrate ai punti di contatto di cui alla superiore lettera a).<\/p><p>In ogni caso, l\u2019interessato ha sempre il diritto di proporre reclamo all\u2019Autorit\u00e0 di Controllo competente (Garante per la Protezione dei Dati Personali), ai sensi dell\u2019art. 77 del Regolamento, qualora ritenga che il trattamento dei propri dati personali avvenga in contrasto alla normativa in vigore.<\/p><p><strong>f) Modifiche<\/strong><\/p><p>La presente privacy policy \u00e8 in vigore dal 25\/05\/2018. Ecodep si riserva di modificarne o semplicemente aggiornarne il contenuto, in parte o completamente, anche a causa di variazioni della normativa applicabile. L\u2019interessato verr\u00e0 informato di tali variazioni non appena verranno introdotte ed esse saranno vincolanti non appena pubblicate sul sito. L\u2019interessato \u00e8 pertanto invitato a visitare con regolarit\u00e0 questa sezione per prendere cognizione della pi\u00f9 recente ed aggiornata versione della privacy policy, in modo da essere sempre aggiornato sui dati raccolti e sull\u2019uso fatto dal titolare.<\/p>\t\t\t\t\t\t\t\t<\/div>\n\t\t\t\t<\/div>\n\t\t\t\t\t<\/div>\n\t\t<\/div>\n\t\t\t\t\t<\/div>\n\t\t<\/section>\n\t\t\t\t<\/div>\n\t\t","protected":false},"excerpt":{"rendered":"<p>Informativa privacy Ecodep S.r.l., con sede legale in Viale dello Sviluppo, 11, 97015, Modica (RG), di seguito \u201cEcodep\u201d, si impegna costantemente per tutelare la privacy online dei suoi utenti. Questo documento \u00e8 stato redatto ai sensi dell\u2019art. 13 del Regolamento (UE) 2016\/679, di seguito \u201cRegolamento\u201d, al fine di permetterle di conoscere la nostra politica sulla [&hellip;]<\/p>\n","protected":false},"author":1,"featured_media":1881,"parent":0,"menu_order":0,"comment_status":"closed","ping_status":"closed","template":"","meta":{"footnotes":""},"class_list":["post-2019","page","type-page","status-publish","has-post-thumbnail","hentry"],"yoast_head":"<!-- This site is optimized with the Yoast SEO plugin v25.9 - https:\/\/yoast.com\/wordpress\/plugins\/seo\/ -->\n<title>Smaltimento e Gestione dei Rifiuti, Privacy Policy<\/title>\n<meta name=\"description\" content=\"Il titolare del trattamento dei dati personali svolto attraverso il sito \u00e8 Ecodep S.r.l., con sede legale in Viale dello Sviluppo, 11, 97015, Modica (Ragusa)\" \/>\n<meta name=\"robots\" content=\"noindex, nofollow\" \/>\n<meta property=\"og:locale\" content=\"it_IT\" \/>\n<meta property=\"og:type\" content=\"article\" \/>\n<meta property=\"og:title\" content=\"Smaltimento e Gestione dei Rifiuti, Privacy Policy\" \/>\n<meta property=\"og:description\" content=\"Il titolare del trattamento dei dati personali svolto attraverso il sito \u00e8 Ecodep S.r.l., con sede legale in Viale dello Sviluppo, 11, 97015, Modica (Ragusa)\" \/>\n<meta property=\"og:url\" content=\"https:\/\/www.smaltimento-rifiuti-sicilia.it\/it\/privacy-policy\/\" \/>\n<meta property=\"og:site_name\" content=\"Ecodep\" \/>\n<meta property=\"article:modified_time\" content=\"2025-03-21T13:22:15+00:00\" \/>\n<meta property=\"og:image\" content=\"https:\/\/www.smaltimento-rifiuti-sicilia.it\/wp-content\/uploads\/2021\/12\/share-immagine-anteprima-ecodep-2.jpg\" \/>\n\t<meta property=\"og:image:width\" content=\"800\" \/>\n\t<meta property=\"og:image:height\" content=\"600\" \/>\n\t<meta property=\"og:image:type\" content=\"image\/jpeg\" \/>\n<meta name=\"twitter:card\" content=\"summary_large_image\" \/>\n<meta name=\"twitter:label1\" content=\"Tempo di lettura stimato\" \/>\n\t<meta name=\"twitter:data1\" content=\"5 minuti\" \/>\n<script type=\"application\/ld+json\" class=\"yoast-schema-graph\">{\"@context\":\"https:\/\/schema.org\",\"@graph\":[{\"@type\":\"WebPage\",\"@id\":\"https:\/\/www.smaltimento-rifiuti-sicilia.it\/it\/privacy-policy\/\",\"url\":\"https:\/\/www.smaltimento-rifiuti-sicilia.it\/it\/privacy-policy\/\",\"name\":\"Smaltimento e Gestione dei Rifiuti, Privacy Policy\",\"isPartOf\":{\"@id\":\"https:\/\/www.smaltimento-rifiuti-sicilia.it\/it\/#website\"},\"primaryImageOfPage\":{\"@id\":\"https:\/\/www.smaltimento-rifiuti-sicilia.it\/it\/privacy-policy\/#primaryimage\"},\"image\":{\"@id\":\"https:\/\/www.smaltimento-rifiuti-sicilia.it\/it\/privacy-policy\/#primaryimage\"},\"thumbnailUrl\":\"https:\/\/www.smaltimento-rifiuti-sicilia.it\/wp-content\/uploads\/2021\/12\/share-immagine-anteprima-ecodep-2.jpg\",\"datePublished\":\"2021-12-17T10:23:42+00:00\",\"dateModified\":\"2025-03-21T13:22:15+00:00\",\"description\":\"Il titolare del trattamento dei dati personali svolto attraverso il sito \u00e8 Ecodep S.r.l., con sede legale in Viale dello Sviluppo, 11, 97015, Modica (Ragusa)\",\"breadcrumb\":{\"@id\":\"https:\/\/www.smaltimento-rifiuti-sicilia.it\/it\/privacy-policy\/#breadcrumb\"},\"inLanguage\":\"it-IT\",\"potentialAction\":[{\"@type\":\"ReadAction\",\"target\":[\"https:\/\/www.smaltimento-rifiuti-sicilia.it\/it\/privacy-policy\/\"]}]},{\"@type\":\"ImageObject\",\"inLanguage\":\"it-IT\",\"@id\":\"https:\/\/www.smaltimento-rifiuti-sicilia.it\/it\/privacy-policy\/#primaryimage\",\"url\":\"https:\/\/www.smaltimento-rifiuti-sicilia.it\/wp-content\/uploads\/2021\/12\/share-immagine-anteprima-ecodep-2.jpg\",\"contentUrl\":\"https:\/\/www.smaltimento-rifiuti-sicilia.it\/wp-content\/uploads\/2021\/12\/share-immagine-anteprima-ecodep-2.jpg\",\"width\":800,\"height\":600,\"caption\":\"Ecodep Smaltimento Rifiuti Sicilia\"},{\"@type\":\"BreadcrumbList\",\"@id\":\"https:\/\/www.smaltimento-rifiuti-sicilia.it\/it\/privacy-policy\/#breadcrumb\",\"itemListElement\":[{\"@type\":\"ListItem\",\"position\":1,\"name\":\"Home\",\"item\":\"https:\/\/www.smaltimento-rifiuti-sicilia.it\/it\/\"},{\"@type\":\"ListItem\",\"position\":2,\"name\":\"Privacy Policy\"}]},{\"@type\":\"WebSite\",\"@id\":\"https:\/\/www.smaltimento-rifiuti-sicilia.it\/it\/#website\",\"url\":\"https:\/\/www.smaltimento-rifiuti-sicilia.it\/it\/\",\"name\":\"Ecodep\",\"description\":\"Smaltimento rifiuti Sicilia\",\"publisher\":{\"@id\":\"https:\/\/www.smaltimento-rifiuti-sicilia.it\/it\/#organization\"},\"potentialAction\":[{\"@type\":\"SearchAction\",\"target\":{\"@type\":\"EntryPoint\",\"urlTemplate\":\"https:\/\/www.smaltimento-rifiuti-sicilia.it\/it\/?s={search_term_string}\"},\"query-input\":{\"@type\":\"PropertyValueSpecification\",\"valueRequired\":true,\"valueName\":\"search_term_string\"}}],\"inLanguage\":\"it-IT\"},{\"@type\":\"Organization\",\"@id\":\"https:\/\/www.smaltimento-rifiuti-sicilia.it\/it\/#organization\",\"name\":\"Ecodep\",\"url\":\"https:\/\/www.smaltimento-rifiuti-sicilia.it\/it\/\",\"logo\":{\"@type\":\"ImageObject\",\"inLanguage\":\"it-IT\",\"@id\":\"https:\/\/www.smaltimento-rifiuti-sicilia.it\/it\/#\/schema\/logo\/image\/\",\"url\":\"https:\/\/www.smaltimento-rifiuti-sicilia.it\/wp-content\/uploads\/2021\/04\/ecodep-30.jpg\",\"contentUrl\":\"https:\/\/www.smaltimento-rifiuti-sicilia.it\/wp-content\/uploads\/2021\/04\/ecodep-30.jpg\",\"width\":400,\"height\":81,\"caption\":\"Ecodep\"},\"image\":{\"@id\":\"https:\/\/www.smaltimento-rifiuti-sicilia.it\/it\/#\/schema\/logo\/image\/\"}}]}<\/script>\n<!-- \/ Yoast SEO plugin. -->","yoast_head_json":{"title":"Smaltimento e Gestione dei Rifiuti, Privacy Policy","description":"Il titolare del trattamento dei dati personali svolto attraverso il sito \u00e8 Ecodep S.r.l., con sede legale in Viale dello Sviluppo, 11, 97015, Modica (Ragusa)","robots":{"index":"noindex","follow":"nofollow"},"og_locale":"it_IT","og_type":"article","og_title":"Smaltimento e Gestione dei Rifiuti, Privacy Policy","og_description":"Il titolare del trattamento dei dati personali svolto attraverso il sito \u00e8 Ecodep S.r.l., con sede legale in Viale dello Sviluppo, 11, 97015, Modica (Ragusa)","og_url":"https:\/\/www.smaltimento-rifiuti-sicilia.it\/it\/privacy-policy\/","og_site_name":"Ecodep","article_modified_time":"2025-03-21T13:22:15+00:00","og_image":[{"width":800,"height":600,"url":"https:\/\/www.smaltimento-rifiuti-sicilia.it\/wp-content\/uploads\/2021\/12\/share-immagine-anteprima-ecodep-2.jpg","type":"image\/jpeg"}],"twitter_card":"summary_large_image","twitter_misc":{"Tempo di lettura stimato":"5 minuti"},"schema":{"@context":"https:\/\/schema.org","@graph":[{"@type":"WebPage","@id":"https:\/\/www.smaltimento-rifiuti-sicilia.it\/it\/privacy-policy\/","url":"https:\/\/www.smaltimento-rifiuti-sicilia.it\/it\/privacy-policy\/","name":"Smaltimento e Gestione dei Rifiuti, Privacy Policy","isPartOf":{"@id":"https:\/\/www.smaltimento-rifiuti-sicilia.it\/it\/#website"},"primaryImageOfPage":{"@id":"https:\/\/www.smaltimento-rifiuti-sicilia.it\/it\/privacy-policy\/#primaryimage"},"image":{"@id":"https:\/\/www.smaltimento-rifiuti-sicilia.it\/it\/privacy-policy\/#primaryimage"},"thumbnailUrl":"https:\/\/www.smaltimento-rifiuti-sicilia.it\/wp-content\/uploads\/2021\/12\/share-immagine-anteprima-ecodep-2.jpg","datePublished":"2021-12-17T10:23:42+00:00","dateModified":"2025-03-21T13:22:15+00:00","description":"Il titolare del trattamento dei dati personali svolto attraverso il sito \u00e8 Ecodep S.r.l., con sede legale in Viale dello Sviluppo, 11, 97015, Modica (Ragusa)","breadcrumb":{"@id":"https:\/\/www.smaltimento-rifiuti-sicilia.it\/it\/privacy-policy\/#breadcrumb"},"inLanguage":"it-IT","potentialAction":[{"@type":"ReadAction","target":["https:\/\/www.smaltimento-rifiuti-sicilia.it\/it\/privacy-policy\/"]}]},{"@type":"ImageObject","inLanguage":"it-IT","@id":"https:\/\/www.smaltimento-rifiuti-sicilia.it\/it\/privacy-policy\/#primaryimage","url":"https:\/\/www.smaltimento-rifiuti-sicilia.it\/wp-content\/uploads\/2021\/12\/share-immagine-anteprima-ecodep-2.jpg","contentUrl":"https:\/\/www.smaltimento-rifiuti-sicilia.it\/wp-content\/uploads\/2021\/12\/share-immagine-anteprima-ecodep-2.jpg","width":800,"height":600,"caption":"Ecodep Smaltimento Rifiuti Sicilia"},{"@type":"BreadcrumbList","@id":"https:\/\/www.smaltimento-rifiuti-sicilia.it\/it\/privacy-policy\/#breadcrumb","itemListElement":[{"@type":"ListItem","position":1,"name":"Home","item":"https:\/\/www.smaltimento-rifiuti-sicilia.it\/it\/"},{"@type":"ListItem","position":2,"name":"Privacy Policy"}]},{"@type":"WebSite","@id":"https:\/\/www.smaltimento-rifiuti-sicilia.it\/it\/#website","url":"https:\/\/www.smaltimento-rifiuti-sicilia.it\/it\/","name":"Ecodep","description":"Smaltimento rifiuti Sicilia","publisher":{"@id":"https:\/\/www.smaltimento-rifiuti-sicilia.it\/it\/#organization"},"potentialAction":[{"@type":"SearchAction","target":{"@type":"EntryPoint","urlTemplate":"https:\/\/www.smaltimento-rifiuti-sicilia.it\/it\/?s={search_term_string}"},"query-input":{"@type":"PropertyValueSpecification","valueRequired":true,"valueName":"search_term_string"}}],"inLanguage":"it-IT"},{"@type":"Organization","@id":"https:\/\/www.smaltimento-rifiuti-sicilia.it\/it\/#organization","name":"Ecodep","url":"https:\/\/www.smaltimento-rifiuti-sicilia.it\/it\/","logo":{"@type":"ImageObject","inLanguage":"it-IT","@id":"https:\/\/www.smaltimento-rifiuti-sicilia.it\/it\/#\/schema\/logo\/image\/","url":"https:\/\/www.smaltimento-rifiuti-sicilia.it\/wp-content\/uploads\/2021\/04\/ecodep-30.jpg","contentUrl":"https:\/\/www.smaltimento-rifiuti-sicilia.it\/wp-content\/uploads\/2021\/04\/ecodep-30.jpg","width":400,"height":81,"caption":"Ecodep"},"image":{"@id":"https:\/\/www.smaltimento-rifiuti-sicilia.it\/it\/#\/schema\/logo\/image\/"}}]}},"_links":{"self":[{"href":"https:\/\/www.smaltimento-rifiuti-sicilia.it\/it\/wp-json\/wp\/v2\/pages\/2019","targetHints":{"allow":["GET"]}}],"collection":[{"href":"https:\/\/www.smaltimento-rifiuti-sicilia.it\/it\/wp-json\/wp\/v2\/pages"}],"about":[{"href":"https:\/\/www.smaltimento-rifiuti-sicilia.it\/it\/wp-json\/wp\/v2\/types\/page"}],"author":[{"embeddable":true,"href":"https:\/\/www.smaltimento-rifiuti-sicilia.it\/it\/wp-json\/wp\/v2\/users\/1"}],"replies":[{"embeddable":true,"href":"https:\/\/www.smaltimento-rifiuti-sicilia.it\/it\/wp-json\/wp\/v2\/comments?post=2019"}],"version-history":[{"count":17,"href":"https:\/\/www.smaltimento-rifiuti-sicilia.it\/it\/wp-json\/wp\/v2\/pages\/2019\/revisions"}],"predecessor-version":[{"id":9806,"href":"https:\/\/www.smaltimento-rifiuti-sicilia.it\/it\/wp-json\/wp\/v2\/pages\/2019\/revisions\/9806"}],"wp:featuredmedia":[{"embeddable":true,"href":"https:\/\/www.smaltimento-rifiuti-sicilia.it\/it\/wp-json\/wp\/v2\/media\/1881"}],"wp:attachment":[{"href":"https:\/\/www.smaltimento-rifiuti-sicilia.it\/it\/wp-json\/wp\/v2\/media?parent=2019"}],"curies":[{"name":"wp","href":"https:\/\/api.w.org\/{rel}","templated":true}]}}